{"id":6,"date":"2026-02-05T23:42:33","date_gmt":"2026-02-05T23:42:33","guid":{"rendered":"https:\/\/puntacanatours.tours\/?page_id=6"},"modified":"2026-02-06T00:21:43","modified_gmt":"2026-02-06T00:21:43","slug":"inicio","status":"publish","type":"page","link":"https:\/\/puntacanatours.tours\/","title":{"rendered":"INICIO"},"content":{"rendered":"\n<h2 class=\"wp-block-heading\">Vive Punta Cana al m\u00e1ximo &#x1f334;<\/h2>\n\n\n\n<p>Tours, excursiones y experiencias inolvidables en Punta Cana.<br>Disfruta playas paradis\u00edacas, aventuras \u00fanicas y atenci\u00f3n personalizada.<\/p>\n\n\n\n<figure class=\"wp-block-image size-large\"><img loading=\"lazy\" decoding=\"async\" width=\"768\" height=\"1024\" src=\"https:\/\/puntacanatours.tours\/wp-content\/uploads\/2026\/02\/SAONA-1-768x1024.png\" alt=\"\" class=\"wp-image-16\" srcset=\"https:\/\/puntacanatours.tours\/wp-content\/uploads\/2026\/02\/SAONA-1-768x1024.png 768w, https:\/\/puntacanatours.tours\/wp-content\/uploads\/2026\/02\/SAONA-1-225x300.png 225w, https:\/\/puntacanatours.tours\/wp-content\/uploads\/2026\/02\/SAONA-1-1152x1536.png 1152w, https:\/\/puntacanatours.tours\/wp-content\/uploads\/2026\/02\/SAONA-1.png 1200w\" sizes=\"auto, (max-width: 768px) 100vw, 768px\" \/><\/figure>\n\n\n\n<div class=\"wp-block-columns is-layout-flex wp-container-core-columns-is-layout-28f84493 wp-block-columns-is-layout-flex\">\n<div class=\"wp-block-column is-layout-flow wp-block-column-is-layout-flow\">\n<h2 class=\"wp-block-heading\">Isla Saona<\/h2>\n\n\n\n<p>Playas cristalinas, comida t\u00edpica y diversi\u00f3n todo el d\u00eda.<\/p>\n<\/div>\n\n\n\n<div class=\"wp-block-column is-layout-flow wp-block-column-is-layout-flow\">\n<h2 class=\"wp-block-heading\">Snorkeling con tiburones<\/h2>\n\n\n\n<p>Nada con mantarrayas y tiburones en una experiencia \u00fanica.<\/p>\n<\/div>\n\n\n\n<div class=\"wp-block-column is-layout-flow wp-block-column-is-layout-flow\">\n<h2 class=\"wp-block-heading\">Catamaran y fiesta<\/h2>\n\n\n\n<p>M\u00fasica, bebidas y atardeceres inolvidables en el Caribe.<\/p>\n<\/div>\n<\/div>\n\n\n\n<p><\/p>\n","protected":false},"excerpt":{"rendered":"<p>Vive Punta Cana al m\u00e1ximo &#x1f334; Tours, excursiones y experiencias inolvidables en Punta Cana.Disfruta playas paradis\u00edacas, aventuras \u00fanicas y atenci\u00f3n personalizada. Isla Saona Playas cristalinas, comida t\u00edpica y diversi\u00f3n todo el d\u00eda. Snorkeling con tiburones Nada con mantarrayas y tiburones en una experiencia \u00fanica. Catamaran y fiesta M\u00fasica, bebidas y atardeceres inolvidables en el Caribe.<\/p>\n","protected":false},"author":1,"featured_media":0,"parent":0,"menu_order":0,"comment_status":"closed","ping_status":"closed","template":"","meta":{"_joinchat":[],"footnotes":""},"class_list":["post-6","page","type-page","status-publish","hentry"],"_links":{"self":[{"href":"https:\/\/puntacanatours.tours\/index.php?rest_route=\/wp\/v2\/pages\/6","targetHints":{"allow":["GET"]}}],"collection":[{"href":"https:\/\/puntacanatours.tours\/index.php?rest_route=\/wp\/v2\/pages"}],"about":[{"href":"https:\/\/puntacanatours.tours\/index.php?rest_route=\/wp\/v2\/types\/page"}],"author":[{"embeddable":true,"href":"https:\/\/puntacanatours.tours\/index.php?rest_route=\/wp\/v2\/users\/1"}],"replies":[{"embeddable":true,"href":"https:\/\/puntacanatours.tours\/index.php?rest_route=%2Fwp%2Fv2%2Fcomments&post=6"}],"version-history":[{"count":5,"href":"https:\/\/puntacanatours.tours\/index.php?rest_route=\/wp\/v2\/pages\/6\/revisions"}],"predecessor-version":[{"id":21,"href":"https:\/\/puntacanatours.tours\/index.php?rest_route=\/wp\/v2\/pages\/6\/revisions\/21"}],"wp:attachment":[{"href":"https:\/\/puntacanatours.tours\/index.php?rest_route=%2Fwp%2Fv2%2Fmedia&parent=6"}],"curies":[{"name":"wp","href":"https:\/\/api.w.org\/{rel}","templated":true}]}}